{"id":84,"date":"2016-11-17T18:25:47","date_gmt":"2016-11-17T16:25:47","guid":{"rendered":"http:\/\/www.denizliviphaber.com\/?page_id=84"},"modified":"2022-04-12T11:25:19","modified_gmt":"2022-04-12T08:25:19","slug":"yasal-uyari","status":"publish","type":"page","link":"https:\/\/www.denizliviphaber.com\/index.php\/yasal-uyari\/","title":{"rendered":"Yasal Uyar\u0131"},"content":{"rendered":"<h3 style=\"text-align: center;\"><\/h3>\n<h3 style=\"text-align: center;\">S\u0130TEM\u0130Z DEN\u0130Z REKLAM KURULU\u015eUDUR. S\u0130TEM\u0130ZDE K\u00d6SEYE YAZARLARI KEND\u0130 YAZDIKLARI YAZILARDAN SORUMLUDUR S\u0130TEM\u0130Z VE Y\u00d6NET\u0130M\u0130 SORUMLU TUTULAMAZ S\u0130TEM\u0130ZDE HABER VE K\u00d6SE YAZILARI\u00a0 Olas\u0131 bir illegal kullan\u0131m durumunda su\u00e7lu durumuna d\u00fc\u015fece\u011finizi belirtmek isteriz. Firmam\u0131z 2012 y\u0131l\u0131ndan beri fatural\u0131 olarak \u00e7al\u0131\u015fmaktad\u0131r.<\/h3>\n<p style=\"text-align: center;\">\n<p style=\"text-align: center;\">\n","protected":false},"excerpt":{"rendered":"<p>S\u0130TEM\u0130Z DEN\u0130Z REKLAM KURULU\u015eUDUR. S\u0130TEM\u0130ZDE K\u00d6SEYE YAZARLARI KEND\u0130 YAZDIKLARI YAZILARDAN SORUMLUDUR S\u0130TEM\u0130Z VE Y\u00d6NET\u0130M\u0130 SORUMLU TUTULAMAZ S\u0130TEM\u0130ZDE HABER VE K\u00d6SE YAZILARI\u00a0 Olas\u0131 bir illegal kullan\u0131m durumunda su\u00e7lu durumuna d\u00fc\u015fece\u011finizi belirtmek isteriz. Firmam\u0131z 2012 y\u0131l\u0131ndan beri fatural\u0131 olarak \u00e7al\u0131\u015fmaktad\u0131r.<\/p>\n","protected":false},"author":1,"featured_media":0,"parent":0,"menu_order":0,"comment_status":"closed","ping_status":"closed","template":"pages\/page-full.php","meta":{"om_disable_all_campaigns":false,"_monsterinsights_skip_tracking":false,"_monsterinsights_sitenote_active":false,"_monsterinsights_sitenote_note":"","_monsterinsights_sitenote_category":0,"footnotes":""},"aioseo_notices":[],"_links":{"self":[{"href":"https:\/\/www.denizliviphaber.com\/index.php\/wp-json\/wp\/v2\/pages\/84"}],"collection":[{"href":"https:\/\/www.denizliviphaber.com\/index.php\/wp-json\/wp\/v2\/pages"}],"about":[{"href":"https:\/\/www.denizliviphaber.com\/index.php\/wp-json\/wp\/v2\/types\/page"}],"author":[{"embeddable":true,"href":"https:\/\/www.denizliviphaber.com\/index.php\/wp-json\/wp\/v2\/users\/1"}],"replies":[{"embeddable":true,"href":"https:\/\/www.denizliviphaber.com\/index.php\/wp-json\/wp\/v2\/comments?post=84"}],"version-history":[{"count":6,"href":"https:\/\/www.denizliviphaber.com\/index.php\/wp-json\/wp\/v2\/pages\/84\/revisions"}],"predecessor-version":[{"id":3891,"href":"https:\/\/www.denizliviphaber.com\/index.php\/wp-json\/wp\/v2\/pages\/84\/revisions\/3891"}],"wp:attachment":[{"href":"https:\/\/www.denizliviphaber.com\/index.php\/wp-json\/wp\/v2\/media?parent=84"}],"curies":[{"name":"wp","href":"https:\/\/api.w.org\/{rel}","templated":true}]}}