{"id":82,"date":"2016-11-17T18:25:12","date_gmt":"2016-11-17T16:25:12","guid":{"rendered":"http:\/\/www.denizliviphaber.com\/?page_id=82"},"modified":"2022-04-12T11:18:51","modified_gmt":"2022-04-12T08:18:51","slug":"kunye","status":"publish","type":"page","link":"https:\/\/www.denizliviphaber.com\/index.php\/kunye\/","title":{"rendered":"K\u00fcnye"},"content":{"rendered":"\n<p>\u0130mtiyaz Sahibi<\/p>\n\n\n\n<p>DEN\u0130Z REKLAM<\/p>\n\n\n\n<p>      Ad\u0131na<\/p>\n\n\n\n<p>D\u0130LEK SAYIN<\/p>\n\n\n\n<p>Yay\u0131n Y\u00f6netmeni<\/p>\n\n\n\n<p>     Edit\u00f6r<\/p>\n\n\n\n<p>Mahmut Say\u0131n<\/p>\n\n\n\n<p>Reklam Sorumlusu<\/p>\n\n\n\n<p>Deniz SAYIN<\/p>\n\n\n\n<p>Hukuk Dan\u0131\u015fman\u0131<\/p>\n\n\n\n<p>Av.Osman Tabu<\/p>\n\n\n\n<p>Mali Dan\u0131\u015fman<\/p>\n\n\n\n<p>Muhasebe<\/p>\n\n\n\n<p>mehmet \u00dcnsal<\/p>\n\n\n\n<p>\u0130dari Merkezi.<\/p>\n\n\n\n<p>saraylar mah. 507 sokak no : 2 \/1 Merkezefendi \/DEN\u0130ZL\u0130<\/p>\n\n\n\n<p>\u0130RT\u0130BAT :0258 \/ 242 \/ 79 \/ 31<\/p>\n\n\n\n<p>FAX  :0258 \/ 242 \/ 79 \/ 31<\/p>\n","protected":false},"excerpt":{"rendered":"<p>\u0130mtiyaz Sahibi DEN\u0130Z REKLAM Ad\u0131na D\u0130LEK SAYIN Yay\u0131n Y\u00f6netmeni Edit\u00f6r Mahmut Say\u0131n Reklam Sorumlusu Deniz SAYIN Hukuk Dan\u0131\u015fman\u0131 Av.Osman Tabu Mali Dan\u0131\u015fman Muhasebe mehmet \u00dcnsal \u0130dari Merkezi. saraylar mah. 507 sokak no : 2 \/1 Merkezefendi \/DEN\u0130ZL\u0130 \u0130RT\u0130BAT :0258 \/ 242 \/ 79 \/ 31 FAX :0258 \/ 242 \/ 79 \/ 31<\/p>\n","protected":false},"author":1,"featured_media":0,"parent":0,"menu_order":0,"comment_status":"closed","ping_status":"closed","template":"pages\/page-full.php","meta":{"om_disable_all_campaigns":false,"_monsterinsights_skip_tracking":false,"_monsterinsights_sitenote_active":false,"_monsterinsights_sitenote_note":"","_monsterinsights_sitenote_category":0,"footnotes":""},"aioseo_notices":[],"_links":{"self":[{"href":"https:\/\/www.denizliviphaber.com\/index.php\/wp-json\/wp\/v2\/pages\/82"}],"collection":[{"href":"https:\/\/www.denizliviphaber.com\/index.php\/wp-json\/wp\/v2\/pages"}],"about":[{"href":"https:\/\/www.denizliviphaber.com\/index.php\/wp-json\/wp\/v2\/types\/page"}],"author":[{"embeddable":true,"href":"https:\/\/www.denizliviphaber.com\/index.php\/wp-json\/wp\/v2\/users\/1"}],"replies":[{"embeddable":true,"href":"https:\/\/www.denizliviphaber.com\/index.php\/wp-json\/wp\/v2\/comments?post=82"}],"version-history":[{"count":11,"href":"https:\/\/www.denizliviphaber.com\/index.php\/wp-json\/wp\/v2\/pages\/82\/revisions"}],"predecessor-version":[{"id":3889,"href":"https:\/\/www.denizliviphaber.com\/index.php\/wp-json\/wp\/v2\/pages\/82\/revisions\/3889"}],"wp:attachment":[{"href":"https:\/\/www.denizliviphaber.com\/index.php\/wp-json\/wp\/v2\/media?parent=82"}],"curies":[{"name":"wp","href":"https:\/\/api.w.org\/{rel}","templated":true}]}}