{"id":1191,"date":"2016-11-27T15:10:02","date_gmt":"2016-11-27T13:10:02","guid":{"rendered":"http:\/\/www.denizliviphaber.com\/?page_id=1191"},"modified":"2016-11-27T15:13:33","modified_gmt":"2016-11-27T13:13:33","slug":"bize-ulasin","status":"publish","type":"page","link":"https:\/\/www.denizliviphaber.com\/index.php\/bize-ulasin\/","title":{"rendered":"Bize Ula\u015f\u0131n"},"content":{"rendered":"<p>Bu sayfada Contact Form 7 eklentisi ile olu\u015fturulmu\u015f \u00f6rnek bir ileti\u015fim formuna yer verilmi\u015ftir. Tema ile ilgili ileti\u015fim kurmak i\u00e7in l\u00fctfen\u00a0<a href=\"http:\/\/safirtema.com\/iletisim\/\">safirtema.com\/iletisim<\/a>\u00a0adresini kullan\u0131n\u0131z.<\/p>\n<p class=\"wpcf7-contact-form-not-found\"><strong>Error:<\/strong> Contact form not found.<\/p>\n","protected":false},"excerpt":{"rendered":"<p>Bu sayfada Contact Form 7 eklentisi ile olu\u015fturulmu\u015f \u00f6rnek bir ileti\u015fim formuna yer verilmi\u015ftir. Tema ile ilgili ileti\u015fim kurmak i\u00e7in l\u00fctfen\u00a0safirtema.com\/iletisim\u00a0adresini kullan\u0131n\u0131z.<\/p>\n","protected":false},"author":1,"featured_media":0,"parent":0,"menu_order":0,"comment_status":"closed","ping_status":"closed","template":"","meta":{"om_disable_all_campaigns":false,"_monsterinsights_skip_tracking":false,"_monsterinsights_sitenote_active":false,"_monsterinsights_sitenote_note":"","_monsterinsights_sitenote_category":0,"footnotes":""},"aioseo_notices":[],"_links":{"self":[{"href":"https:\/\/www.denizliviphaber.com\/index.php\/wp-json\/wp\/v2\/pages\/1191"}],"collection":[{"href":"https:\/\/www.denizliviphaber.com\/index.php\/wp-json\/wp\/v2\/pages"}],"about":[{"href":"https:\/\/www.denizliviphaber.com\/index.php\/wp-json\/wp\/v2\/types\/page"}],"author":[{"embeddable":true,"href":"https:\/\/www.denizliviphaber.com\/index.php\/wp-json\/wp\/v2\/users\/1"}],"replies":[{"embeddable":true,"href":"https:\/\/www.denizliviphaber.com\/index.php\/wp-json\/wp\/v2\/comments?post=1191"}],"version-history":[{"count":4,"href":"https:\/\/www.denizliviphaber.com\/index.php\/wp-json\/wp\/v2\/pages\/1191\/revisions"}],"predecessor-version":[{"id":1199,"href":"https:\/\/www.denizliviphaber.com\/index.php\/wp-json\/wp\/v2\/pages\/1191\/revisions\/1199"}],"wp:attachment":[{"href":"https:\/\/www.denizliviphaber.com\/index.php\/wp-json\/wp\/v2\/media?parent=1191"}],"curies":[{"name":"wp","href":"https:\/\/api.w.org\/{rel}","templated":true}]}}